{"id":2506,"date":"2024-09-09T15:09:06","date_gmt":"2024-09-09T12:09:06","guid":{"rendered":"https:\/\/vivabeauty.ee\/?post_type=product&#038;p=2506"},"modified":"2024-09-09T15:09:06","modified_gmt":"2024-09-09T12:09:06","slug":"kosmeetilised-salvratikud-30x30-cm","status":"publish","type":"product","link":"https:\/\/vivabeauty.ee\/ru\/product\/kosmeetilised-salvratikud-30x30-cm\/","title":{"rendered":"Kosmeetilised salvr\u00e4tikud 30&#215;30 cm"},"content":{"rendered":"<p><strong>Kosmeetilised salvr\u00e4tikud 30&#215;30 cm<\/strong><\/p>\n<p>Eelised:<\/p>\n<p>-h\u00e4sti absorbeerivad niiskust<\/p>\n<p>-ei tekkita \u00e4rritust ja allergilisi reaktsioone<\/p>\n<p>-kiuvaba struktuur<\/p>\n<p>-mittetoksilised<\/p>\n<p>-antistaatilised<\/p>\n<p>M\u00f5\u00f5dud:30 x30 cm<\/p>\n<p>Koostis:Viskoos 70%,pol\u00fcefiir 30%<\/p>\n<p>Tihedus:50 g\/m2<\/p>\n<p>Pakkend:100 tk<\/p>\n","protected":false},"excerpt":{"rendered":"<p>Kosmeetilised salvr\u00e4tikud 30&#215;30 cm Eelised: -h\u00e4sti absorbeerivad niiskust -ei tekkita \u00e4rritust ja allergilisi reaktsioone -kiuvaba struktuur -mittetoksilised -antistaatilised M\u00f5\u00f5dud:30 x30 cm Koostis:Viskoos 70%,pol\u00fcefiir 30% Tihedus:50 g\/m2 Pakkend:100 tk<\/p>\n","protected":false},"featured_media":1332,"template":"","meta":[],"product_cat":[138,143],"product_tag":[],"class_list":["post-2506","product","type-product","status-publish","has-post-thumbnail","hentry","product_cat-138","product_cat---ru"],"_links":{"self":[{"href":"https:\/\/vivabeauty.ee\/ru\/wp-json\/wp\/v2\/product\/2506","targetHints":{"allow":["GET"]}}],"collection":[{"href":"https:\/\/vivabeauty.ee\/ru\/wp-json\/wp\/v2\/product"}],"about":[{"href":"https:\/\/vivabeauty.ee\/ru\/wp-json\/wp\/v2\/types\/product"}],"wp:featuredmedia":[{"embeddable":true,"href":"https:\/\/vivabeauty.ee\/ru\/wp-json\/wp\/v2\/media\/1332"}],"wp:attachment":[{"href":"https:\/\/vivabeauty.ee\/ru\/wp-json\/wp\/v2\/media?parent=2506"}],"wp:term":[{"taxonomy":"product_cat","embeddable":true,"href":"https:\/\/vivabeauty.ee\/ru\/wp-json\/wp\/v2\/product_cat?post=2506"},{"taxonomy":"product_tag","embeddable":true,"href":"https:\/\/vivabeauty.ee\/ru\/wp-json\/wp\/v2\/product_tag?post=2506"}],"curies":[{"name":"wp","href":"https:\/\/api.w.org\/{rel}","templated":true}]}}